{"id":1778,"date":"2021-05-20T10:25:10","date_gmt":"2021-05-20T10:25:10","guid":{"rendered":"https:\/\/oprean.ro\/EN\/?page_id=1778"},"modified":"2021-05-20T10:29:19","modified_gmt":"2021-05-20T10:29:19","slug":"cookies-consent","status":"publish","type":"page","link":"https:\/\/oprean.ro\/EN\/cookies-consent\/","title":{"rendered":"Cookies Consent"},"content":{"rendered":"<p>[vc_row css=&#8221;.vc_custom_1621506530134{padding-bottom: 30px !important;}&#8221;][vc_column][vc_column_text]<\/p>\n<h2>Cookies consent<\/h2>\n<p>[\/vc_column_text][\/vc_column][\/vc_row][vc_row][vc_column][vc_column_text]www.oprean.ro foloseste cookie-uri pentru a furniza vizitatorilor o experien\u0163\u0103 mult mai bun\u0103 de navigare.<\/p>\n<p>\u00cen conformitate cu Directiva \u201ee-Intimitate\u201d a UE, \u00een vigoare de la 26 mai 2012 \u015fi cu prevederile Legii nr. 506 din 17 noiembrie 2004 privind prelucrarea datelor cu caracter personal \u015fi protec\u0163ia vie\u0163ii private \u00een sectorul comunica\u0163iilor electronice, tuturor vizitatorilor website-ului li se cere consim\u0163\u0103m\u00e2ntul \u00eenaintea transmiterii de cookies \u00een computerele acestora.<\/p>\n<p><strong>Ce este un \u201ecookie\u201d?<\/strong><\/p>\n<p>Un \u201eInternet Cookie\u201d\u00a0 este un fi\u015fier de mici dimensiuni, format din litere \u015fi cifre, care va fi stocat pe computerul sau pe alte echipamente ale unui utilizator de pe care se acceseaz\u0103 Internetul. Cookie-ul este instalat prin solicitarea emis\u0103 de c\u0103tre un web-server unui browser \u015fi este complet \u201epasiv\u201d (nu contine programe software, virusi sau spyware si nu poate accesa informatiile de pe hard driveul utilizatorului).<\/p>\n<p><strong>Care sunt avantajele cookie-urilor?<\/strong><\/p>\n<p>Un cookie con\u0163ine informa\u0163ii care fac leg\u0103tura \u00eentre un web-browser (utilizator) \u015fi un web-server anume (website-ul). Dac\u0103 un browser acceseaz\u0103 acel web-server din nou, acesta poate citi informa\u0163ia deja stocat\u0103 \u015fi reac\u0163iona \u00een consecin\u0163\u0103. Cookie-urile asigur\u0103 utilizatorilor o experien\u0163\u0103 pl\u0103cut\u0103 de navigare \u015fi sus\u0163in eforturile multor website-uri pentru a oferi servicii confortabile utilizatorilor: ex \u2013 preferin\u0163ele \u00een materie de confiden\u0163ialitate online, op\u0163iunile privind limba site-ului, co\u015furi de cump\u0103r\u0103turi sau publicitate relevant\u0103.<\/p>\n<p><strong>Care este durata de via\u0163\u0103 a unui cookie?<\/strong><\/p>\n<p>Cookie-urile sunt administrate de webservere. Durata de via\u0163\u0103 a unui cookie poate varia semnificativ, depinz\u00e2nd de scopul pentru care este plasat. Unele cookie-uri sunt folosite exclusiv pentru o singur\u0103 sesiune (session cookies) \u015fi nu mai sunt re\u0163inute, odat\u0103 ce utilizatorul a p\u0103r\u0103sit website-ul, \u00een timp ce alte cookie-uri sunt re\u0163inute \u015fi refolosite de fiecare dat\u0103 c\u00e2nd utilizatorul revine pe acel website (\u2018cookie-uri persistente\u2019). Cu toate acestea, cookie-urile pot fi \u015fterse de un utilizator \u00een orice moment prin intermediul set\u0103rilor browserului.<\/p>\n<p><strong>De ce sunt cookie-urile importante pentru Internet?<\/strong><\/p>\n<p>Cookie-urile reprezint\u0103 punctul central al func\u0163ion\u0103rii eficiente a Internetului, ajut\u00e2nd la generarea unei experien\u0163e de navigare prietenoase \u015fi adaptat\u0103 preferin\u0163elor \u015fi intereselor fiec\u0103rui utilizator.<u>Refuzarea sau dezactivarea cookie-urilor poate face unele website-uri imposibil de folosit. Refuzarea sau dezactivarea cookie-urilor nu \u00eenseamna c\u0103 utilizatorul nu va mai primi publicitate online<\/u> \u2013 ci doar c\u0103 aceasta nu va mai putea \u0163ine cont de preferin\u0163ele \u015fi interesele utilizatorului, eviden\u0163iate prin comportamentul de navigare.<\/p>\n<p>Exemple de \u00eentrebuin\u0163\u0103ri importante ale cookie-urilor (care nu necesit\u0103 autentificarea unui utilizator prin intermediul unui cont):<\/p>\n<ul>\n<li>con\u0163inut \u015fi servicii adaptate preferin\u0163elor utilizatorului \u2013 categorii de \u015ftiri, vreme, sport, h\u0103r\u0163i, servicii publice \u015fi guvernamentale, website-uri distractive \u015fi servicii de turism;<\/li>\n<li>oferte adaptate pe interesele utilizatorilor \u2013 re\u0163inerea parolelor, preferin\u0163elor de limb\u0103 (ex.: afi\u015farea rezultatelor c\u0103ut\u0103rilor \u00een limba rom\u00e2n\u0103)<\/li>\n<li>re\u0163inerea filtrelor de protec\u0163ie a copiilor privind con\u0163inutul pe Internet (op\u0163iuni family mode, func\u0163ii de safe search);<\/li>\n<li>m\u0103surarea, optimizarea \u015fi caracteristicile de analytics \u2013 cum ar fi: confirmarea unui anumit nivel de trafic pe un website, ce tip de con\u0163inut este vizualizat \u015fi modul cum un utilizator ajunge pe un website (ex. prin motoare de c\u0103utare, direct, din alte website-uri etc.). De\u0163in\u0103torii website-urilor deruleaz\u0103 aceste analize pentru a perfec\u0163iona website-urile, \u00een beneficiul utilizatorilor.<\/li>\n<\/ul>\n<p><strong>Securitate si probleme legate de confiden\u0163ialitate<\/strong><\/p>\n<p>Cookie-urile NU sunt viru\u015fi! Ele folosesc formate tip plain text. Nu sunt alc\u0103tuite din buc\u0103\u0163i de cod, a\u015fa c\u0103 nu pot fi executate, nici nu pot rula \u00een mod automat. \u00cen consecin\u0163\u0103, nu se pot duplica sau replica pe alte re\u0163ele pentru a rula sau a se replica din nou. Deoarece nu pot \u00eendeplini aceste func\u0163ii, nu pot fi considerate viru\u015fi. Cookie-urile pot fi, totu\u015fi, folosite pentru scopuri negative. Deoarece stocheaz\u0103 informa\u0163ii despre preferin\u0163ele \u015fi istoricul de navigare al utilizatorilor, at\u00e2t pe un anume website c\u00e2t \u015fi pe alte website-uri, cookie-urile pot fi folosite ca o form\u0103 de Spyware. Multe produse anti-spyware sunt con\u015ftiente de acest fapt \u015fi, \u00een mod constant, marcheaz\u0103 cookie-urile pentru a fi \u015fterse, \u00een cadrul procedurilor de \u015ftergere\/scanare anti-virus\/anti-spyware. \u00cen general, browserele au integrate reglaje de confiden\u0163ialitate, care furnizeaz\u0103 diferite nivele de acceptare a cookie-urilor, perioada de valabilitate \u015fi \u015ftergere automat\u0103 dup\u0103 ce utilizatorul a vizitat un anumit site.<\/p>\n<p><strong>Alte aspecte de securitate legate de cookie-uri<\/strong><\/p>\n<p>Deoarece protec\u0163ia identit\u0103\u0163ii este foarte valoroas\u0103 \u015fi reprezint\u0103 dreptul fiec\u0103rui utilizator de Internet, este indicat s\u0103 se \u015ftie ce eventuale probleme pot crea cookie-urile.<\/p>\n<p>Pentru c\u0103 prin intermediul lor se transmit \u00een mod constant, \u00een ambele sensuri, informa\u0163ii \u00eentre browser \u015fi website, dac\u0103 un atacator sau persoan\u0103 neautorizat\u0103 intervine \u00een parcursul de transmitere a datelor, informa\u0163iile con\u0163inute de cookie pot fi interceptate. De\u015fi foarte rar, acest lucru se poate \u00eent\u00e2mpla dac\u0103 browserul se conecteaz\u0103 la server folosind o re\u0163ea necriptat\u0103 (ex.: o re\u0163ea WiFi nesecurizat\u0103).<\/p>\n<p>Alte atacuri bazate pe cookie implic\u0103 reglaje gre\u015fite ale cookie-urilor pe webservere. Dac\u0103 un website nu solicit\u0103 browserului s\u0103 foloseasc\u0103 doar canale criptate, atacatorii pot folosi aceasta vulnerabilitate pentru a p\u0103c\u0103li browserele \u00een a trimite informa\u0163ii prin intermediul canalelor nesecurizate. Atacatorii utilizeaz\u0103 apoi informa\u0163iile cu scopul de a accesa neautorizat anumite site-uri.<\/p>\n<p>Este foarte important ca utilizatorii s\u0103 fie aten\u0163i \u00een alegerea metodei celei mai potrivite de protec\u0163ie a informa\u0163iilor personale.[\/vc_column_text][\/vc_column][\/vc_row]<\/p>\n","protected":false},"excerpt":{"rendered":"<p>[vc_row css=&#8221;.vc_custom_1621506530134{padding-bottom: 30px !important;}&#8221;][vc_column][vc_column_text] Cookies consent [\/vc_column_text][\/vc_column][\/vc_row][vc_row][vc_column][vc_column_text]www.oprean.ro foloseste cookie-uri pentru a furniza vizitatorilor o experien\u0163\u0103 mult mai bun\u0103 de navigare. \u00cen conformitate cu Directiva \u201ee-Intimitate\u201d a UE, \u00een vigoare de la 26 mai&#8230;<\/p>\n","protected":false},"author":2,"featured_media":0,"parent":0,"menu_order":0,"comment_status":"closed","ping_status":"closed","template":"","meta":{"footnotes":""},"class_list":["post-1778","page","type-page","status-publish","hentry"],"_links":{"self":[{"href":"https:\/\/oprean.ro\/EN\/wp-json\/wp\/v2\/pages\/1778","targetHints":{"allow":["GET"]}}],"collection":[{"href":"https:\/\/oprean.ro\/EN\/wp-json\/wp\/v2\/pages"}],"about":[{"href":"https:\/\/oprean.ro\/EN\/wp-json\/wp\/v2\/types\/page"}],"author":[{"embeddable":true,"href":"https:\/\/oprean.ro\/EN\/wp-json\/wp\/v2\/users\/2"}],"replies":[{"embeddable":true,"href":"https:\/\/oprean.ro\/EN\/wp-json\/wp\/v2\/comments?post=1778"}],"version-history":[{"count":4,"href":"https:\/\/oprean.ro\/EN\/wp-json\/wp\/v2\/pages\/1778\/revisions"}],"predecessor-version":[{"id":1785,"href":"https:\/\/oprean.ro\/EN\/wp-json\/wp\/v2\/pages\/1778\/revisions\/1785"}],"wp:attachment":[{"href":"https:\/\/oprean.ro\/EN\/wp-json\/wp\/v2\/media?parent=1778"}],"curies":[{"name":"wp","href":"https:\/\/api.w.org\/{rel}","templated":true}]}}