{"id":1786,"date":"2021-05-20T10:29:46","date_gmt":"2021-05-20T10:29:46","guid":{"rendered":"https:\/\/oprean.ro\/EN\/?page_id=1786"},"modified":"2021-05-20T10:34:28","modified_gmt":"2021-05-20T10:34:28","slug":"prelucrarea-datelor-cu-caracter-personal","status":"publish","type":"page","link":"https:\/\/oprean.ro\/EN\/prelucrarea-datelor-cu-caracter-personal\/","title":{"rendered":"Prelucrarea datelor cu caracter personal"},"content":{"rendered":"<p>[vc_row css=&#8221;.vc_custom_1621506869050{padding-bottom: 30px !important;}&#8221;][vc_column][vc_column_text]<\/p>\n<h2>Prelucrarea datelor cu caracter personal<\/h2>\n<p>[\/vc_column_text][\/vc_column][\/vc_row][vc_row][vc_column][vc_column_text]<strong>Nota de informare privind protectia datelor cu caracter personal<\/strong><\/p>\n<p>\u00cencep\u00e2nd cu data de 25 mai 2018, Regulamentul 2016\/679\/UE privind protec\u021bia persoanelor fizice \u00een ceea ce prive\u0219te prelucrarea datelor cu caracter personal \u0219i privind libera circula\u021bie a acestor date (\u00een continuare \u201cRegulamentul\u201d) va fi aplicat de toate statele Uniunii Europene. Prin intermediul acestui Regulament se dore\u0219te crearea unui cadru legislativ unitar \u0219i uniform pe teritoriul Uniunii Europene care s\u0103 nu mai necesite m\u0103suri na\u021bionale de implementare.<\/p>\n<p>Responsabil \u00een temeiul Regulamentului general privind protec\u021bia datelor este:<\/p>\n<p>Persoana juridic\u0103 S.C. OPREAN S.R.L, cu sediul \u00een mun. Sebe\u0219, str. Depozitelor, nr. 2, \u00eenregistrat\u0103 la Registrul Comer\u0163ului sub num\u0103rul J01\/1053\/1993, cod fiscal R0 4997340, telefon 0258734510, adresa de email oprean@oprean.ro<\/p>\n<p>Ne bucur\u0103m de vizita dvs. pe pagina noastr\u0103 web \u0219i de interesul manifestat fa\u021b\u0103 de ofertele noastre. Protec\u021bia datelor dvs. cu caracter personal este un aspect important pentru noi. \u00cen aceast\u0103 declara\u021bie de confiden\u021bialitate, explic\u0103m modul \u00een care colect\u0103m datele dvs. cu caracter personal, ce facem cu acestea, \u00een ce scop \u0219i pe ce temei juridic, precum \u0219i care sunt drepturile \u0219i revendic\u0103rile dvs<\/p>\n<p>Colect\u0103m de la dumneavoastr\u0103 doar acele date cu caracter personal care ne sunt necesare pentru a v\u0103 putea oferi posibilitatea de utilizare a paginii noastre web, pentru a v\u0103 putea contacta pentru oferirea serviciilor \u0219i produselor noastre \u0219i pentru a v\u0103 putea \u021bine la curent cu produsele, serviciile \u0219i ofertele noastre (marketing direct), \u00een m\u0103sura \u00een care acest lucru este permis de reglement\u0103rile legale sau se realizeaz\u0103 pe baza consim\u021b\u0103m\u00e2ntului dvs.<\/p>\n<p>Fiecare categorie de date va fi colectat\u0103 \u00een scopuri determinate, explicite \u0219i legitime \u0219i nu sunt prelucrate ulterior \u00eentr-un mod incompatibil cu aceste scopuri \u0219i vor fi pe o perioad\u0103 care nu dep\u0103\u0219e\u0219te perioada necesar\u0103 \u00eendeplinirii scopurilor \u00een care sunt prelucrate.<\/p>\n<p>Pentru a asigura principiul transparen\u021bei informa\u021biilor la prelucrarea datelor dvs. cu caracter personal v\u0103 comunic\u0103m \u00een cele ce urmeaz\u0103 modul \u00een care prelucr\u0103m datele, scopurile \u0219i temeiul juridic (baza legal\u0103) al activit\u0103\u021bilor prin care prelucr\u0103m datele dumneavoastr\u0103.<\/p>\n<p><strong>Tipurile de date cu caracter personal prelucrate<\/strong><\/p>\n<ul>\n<li>In furnizarea produselor si serviciilor sale catre clienti, S.C. OPREAN S.R.L, proceseaz\u0103 urmatoarele tipuri de date cu caracter personal: nume, prenume, denumire societare, numar de telefon, adresa de email, adresa de livrare produse, cont IBAN.<\/li>\n<li>Puteti alege oricand ce date personale doriti sa ne furnizati. Cu toate acestea, daca alegeti sa nu furnizati anumite date personale, in cazul in care temeiul solicitarii noastre este respectarea unei obligatii legale, obligatii contractuale sau obligatii necesare pentru incheierea unui contract vom fi in imposibilitatea de a va oferi anumite servicii, de exemplu:<\/li>\n<li>(i) daca nu doriti sa ne dati nume, prenume, adresa de e-mail sau numar de telefon in cazul in care doriti sa primiti o oferta, nu vom putea sa procesam cererea dumneavoastra, sau<\/li>\n<li>(ii) avand in vedere faptul ca in formularul de comanda sau in contract va trebui sa introduceti anumite date personale prevazute in mod obligatoriu de lege, iar in cazul in care nu veti dori sa completati acele campuri obligatorii, nu vom putea sa onoram comanda dumneavoastra.<\/li>\n<li>Daca sunteti reprezentant sau persoana de contact al furnizorilor sau partenerilor nostri de afaceri, colectam numele, prenumele, functia, precum si orice alte date furnizate de dvs. sau de societatea pe care o reprezentanti.<\/li>\n<li>In cazul in care aveti varsta sub 16 ani, trebuie sa obtineti consimtamantul sau autorizatia parintilor sau tutorelui pentru orice furnizare de date personale.<\/li>\n<li>In masura in care ati candidat sau intentionati sa candidati la unul din posturile aflate in recrutare, publicate de catre S.C. OPREAN S.R.L,. in mod uzual colectam urmatoarele tipuri de date cu caracter personal:<\/li>\n<li>Istoricul locurilor de munca si al educatiei formale;<\/li>\n<li>Competente profesionale, abilitati;<\/li>\n<li>Data de nastere, varsta;<\/li>\n<li>Cetatenie si capacitatea de desfasurare a unei munci remunerate pe teritoriul Romaniei;<\/li>\n<li>Informatii furnizate in timpul interviurilor care pot contine experiente, performante proprii, date referitoare la istoricul personal etc.<\/li>\n<li>Informatiile furnizate prin referinte;<\/li>\n<li>Informatiile continute in CV-ul dvs. respectiv CV-ul in sine;<\/li>\n<li>Informatii pe care le furnizati cu privire la interesele de cariera si alte informatii despre calificarile dvs. pentru angajare.<\/li>\n<li>Ne furnizati aceste date in mod voluntar in cadrul unui proces de recrutare in care intrati din proprie vointa. De asemenea, dumneavoastra in calitate de candidat la un post de angajare publicat de S.C. OPREAN S.R.L, determinati complexitatea informatiilor furnizate. De asemenea, in masura in care nu sunt furnizate informatii sau sunt furnizate eronat, acestea pot afecta capacitatea noastra de a considera o persoana fizica intr-un proces de recrutare \/ angajare sau de a oferi oportunitati relevante de angajare. In plus, este obligatorie furnizarea de date cu caracter personal corecte si dovezi ale acestor date, in caz contrar contractele de munca fiind considerate nule.<\/li>\n<\/ul>\n<p><strong>Scopul prelucrarilor<\/strong><\/p>\n<p>S.C. OPREAN S.R.L. prelucreaza datele dvs. cu caracter personal in urmatoarele scopuri:<\/p>\n<ul>\n<li>preluarea cererilor de oferta din partea persoanelor vizate interesate de produsele si serviciile S.C. OPREAN S.R.L., si transmiterea ofertelor solicitate<\/li>\n<li>pentru a face demersurile necesare in vederea incheierii unui contract;<\/li>\n<li>pentru a putea raspunde la intrebari si solicitari;<\/li>\n<li>pentru asigurarea garantiei produselor si serviciilor<\/li>\n<li>pentru a ne apara impotriva atacurilor cibernetice sau accesului neautorizat in spatiile noastre;<\/li>\n<li>pentru activitati de marketing<\/li>\n<li>pentru a oferi si imbunatati serviciile pe care le oferim;<\/li>\n<\/ul>\n<p><strong>Datele cu caracter personal pot fi colectate \u00een vederea prelucr\u0103rii, numai \u00een urm\u0103toarele condi\u021bii:<\/strong><\/p>\n<ul>\n<li>\u00cen baza consim\u021b\u0103m\u00e2ntului persoanei vizate (c\u0103ruia i se colecteaz\u0103 datele personale) pentru prelucrarea datelor sale cu caracter personal pentru unul sau mai multe scopuri specifice. Consim\u021b\u0103m\u00e2ntul trebuie materializat printr-o ac\u021biune con\u0219tient\u0103 a persoanei vizate, trebuie s\u0103 poat\u0103 fi dovedit \u0219i s\u0103 poat\u0103 fi retras;<\/li>\n<li>prelucrarea este necesar\u0103 pentru executarea unui contract la care persoana vizat\u0103 este parte sau pentru a face demersuri la cererea persoanei vizate \u00eenainte de \u00eencheierea unui contract;<\/li>\n<li>prelucrarea este necesar\u0103 \u00een vederea \u00eendeplinirii unei obliga\u021bii legale care \u00eei revine operatorului;<\/li>\n<li>prelucrarea este necesar\u0103 pentru a proteja interesele vitale ale persoanei vizate sau ale altei persoane fizice;<\/li>\n<li>prelucrarea este necesar\u0103 pentru \u00eendeplinirea unei sarcini care serve\u0219te unui interes public sau care rezult\u0103 din exercitarea autorit\u0103\u021bii publice cu care este \u00eenvestit operatorul;<\/li>\n<li>prelucrarea este necesar\u0103 \u00een scopul intereselor legitime urm\u0103rite de operator sau de o parte ter\u021b\u0103, cu excep\u021bia cazului \u00een care prevaleaz\u0103 interesele sau drepturile \u0219i libert\u0103\u021bile fundamentale ale persoanei vizate, care necesit\u0103 protejarea datelor cu caracter personal, \u00een special atunci c\u00e2nd persoana vizat\u0103 este un copil.<\/li>\n<\/ul>\n<p><strong>Durata stocarii datelor cu caracter personal<\/strong><\/p>\n<p>Datele dumneavoastra personale vor fi pastrate de catre S.C. OPREAN S.R.L pentru o perioada care nu depaseste perioada necesara pentru a atinge scopurile descrise mai sus si\/sau pentru orice alta durata necesara in virtutea obligatiilor legale aplicabile, cum ar fi datele cuprinse in facturile fiscale (stocate pe o perioada de 10 ani conform legislatiei in vigoare).<\/p>\n<p>Temeiul juridic pentru prelucrare<\/p>\n<ol>\n<li>At\u00e2t timp c\u00e2t v-a\u021bi exprimat acordul cu privire la prelucrarea datelor dvs. cu caracter personal, acesta constituia temeiul juridic pentru prelucrare (art. 6 alin. (1) lit. (a) din RGPD).<\/li>\n<li>Pentru prelucrarea datelor cu caracter personal \u00een scopul ini\u021bierii sau execut\u0103rii unui contract cu dvs., temeiul juridic este reprezentat de art. 6 alin. (1) lit. (b) din RGPD.<\/li>\n<li>At\u00e2t timp c\u00e2t prelucrarea datelor dvs. cu caracter personal este necesar\u0103 pentru \u00eendeplinirea obliga\u021biilor noastre legale (de ex., pentru p\u0103strarea datelor), suntem autoriza\u021bi \u00een acest sens conform art. 6 alin. (1) lit. (c) din RGPD.<\/li>\n<li>\u00cen plus, prelucr\u0103m date cu caracter personal \u00een scopul protej\u0103rii intereselor noastre legitime \u0219i intereselor legitime ale ter\u021bilor conform art. 6 alin. (1) lit. (f) din RGPD. Men\u021binerea capacit\u0103\u021bii func\u021bionale a sistemelor noastre IT, \u00eens\u0103 \u0219i comercializarea unor produse \u0219i servicii interne \u0219i externe \u0219i documenta\u021bia oferit\u0103 \u00een mod legal privind contactele comerciale reprezint\u0103 astfel de interese legitime.<\/li>\n<\/ol>\n<p><strong>Drepturile persoanelor vizate<\/strong><\/p>\n<ol>\n<li>\u00cen calitate de persoan\u0103 vizat\u0103 de prelucrarea datelor, ave\u021bi dreptul la informare (art. 15 RGPD), rectificare (art. 16 RGPD), \u0219tergerea datelor (art. 17 RGPD) limitarea prelucr\u0103rii (art. 18 RGPD) precum \u0219i portabilitatea datelor (art. 20 RGPD).<\/li>\n<li>Dac\u0103 a\u021bi fost de acord cu prelucrarea datelor dvs. cu caracter personal de c\u0103tre noi, ave\u021bi dreptul de a revoca oric\u00e2nd acordul exprimat. Legalitatea prelucr\u0103rii datelor dvs. cu caracter personal p\u00e2n\u0103 la o revocare nu este afectat\u0103 de revocare.<\/li>\n<li>Dreptul la revocare. Din motive care reies din situa\u021bia dvs. special\u0103, ave\u021bi dreptul s\u0103 revoca\u021bi oric\u00e2nd acordul exprimat cu privire la prelucrarea datelor cu caracter personal care v\u0103 privesc pe dvs., care are loc \u00een temeiul art. 6 alin. (1) lit. (e) RGPD (prelucrarea datelor \u00een interes public) sau art. 6 alin. (1) lit. (f) RGPD (prelucrarea datelor pe baza unei evalu\u0103ri comparative a intereselor). Dac\u0103 revoca\u021bi acordul exprimat, datele dvs. cu caracter personal vor fi prelucrate mai departe numai \u00een m\u0103sura \u00een care putem dovedi \u00een acest sens motive imperioase \u0219i legitime, care prevaleaz\u0103 asupra intereselor, drepturilor \u0219i libert\u0103\u021bilor dvs., sau \u00een m\u0103sura \u00een care prelucrarea serve\u0219te la constatarea, exercitarea sau ap\u0103rarea drepturilor legale.<\/li>\n<\/ol>\n<p>Transferuri internationale de date<\/p>\n<p>\u00cen derularea activitatilor sale S.C. OPREAN S.R.L., nu isi propune sa divulge sau sa transfere datele cu caracter personal ale persoanelor fizice catre terti situati in afara EEA (Spatiului Economic European).<\/p>\n<p><strong>Avem obligatia sa dezvaluim aceste informatii catre urmatoarele entitati:<\/strong><\/p>\n<p>-Parteneri internationali in activitati de import-export<\/p>\n<p>-Instante de judecata, parchete, organelor de politie sau alte autoritati publice centrale si locale pentru a ne conforma legii sau drept raspuns la un procedura legala obligatorie (hotarare judecatoreasca, etc);<\/p>\n<p>-Altor parti cu consimtamantul sau la instructiunile colectate In afara situatiilor descrise in prezenta Nota de Informare, este posibil sa transmitem informatiile tertilor carora utilizatorul consimte sau solicita sa intreprindem o astfel de actiune.<\/p>\n<p>Ne angaj\u0103m, a\u0219adar, s\u0103 asigur\u0103m \u0219i s\u0103 protej\u0103m datele dumneavoastra personale \u0219i vom implementa \u0219i men\u021bine m\u0103surile tehnice \u0219i organizatorice adecvate, pentru a asigura un nivel de securitate adecvat protejarii datelor personale \u00eempotriva distrugerii, pierderii, modific\u0103rii, dezv\u0103luirii sau accesului accidental sau neautorizat.<\/p>\n<p>Pe site-ul nostru de web utiliz\u0103m a\u0219a-numite cookies. Cookies sunt fi\u0219iere de text care ne permit s\u0103 configur\u0103m vizita dumneavoastr\u0103 pe site-ul nostru de web. Acestea includ de ex. preset\u0103ri pentru redarea site-ului nostru de web. Aceste cookies sunt temporar memorate pe computerul dumneavoastr\u0103 \u0219i transmise c\u0103tre servere. Pute\u021bi vizualiza \u0219i \u0219terge cookies memorate pe computerul dumneavoastr\u0103 \u0219i s\u0103 controla\u021bi gestionarea cookies la nivel general prin intermediul set\u0103rilor browser-ului dumneavoastr\u0103 de internet. Pute\u021bi ob\u021bine informa\u021bii mai detaliate \u00een acest sens de la produc\u0103tor sau \u00een cadrul func\u021biei de ajutor a browser-ului dumneavoastr\u0103 de internet. V\u0103 rug\u0103m s\u0103 ave\u021bi \u00een vedere c\u0103 func\u021bionalit\u0103\u021bile acestui site pot fi indisponibile sau cu disponibilitate limitat\u0103 dac\u0103 nu permite\u021bi cookies.<\/p>\n<p>Depunerea unei pl\u00e2ngeri la Autoritatea de Reglementare a Protec\u021biei Datelor<\/p>\n<p>Ave\u021bi dreptul s\u0103 depune\u021bi o pl\u00e2ngere la autoritatea noastr\u0103 de reglementare a protec\u021biei datelor, dac\u0103 veti considera c\u0103 v-au fost \u00eenc\u0103lcate drepturile.<\/p>\n<p>Organismul National de Reglementare a Datelor cu caracter personal este: Autoritatea Nationala de Supraveghere a Prelucrarii Datelor cu Caracter Personal, la adresa: B-dul Gral Gh.Magheru, 28-30, Sector 1, Bucuresti, Cod postal: 010336, Romania.\u201d[\/vc_column_text][\/vc_column][\/vc_row]<\/p>\n","protected":false},"excerpt":{"rendered":"<p>[vc_row css=&#8221;.vc_custom_1621506869050{padding-bottom: 30px !important;}&#8221;][vc_column][vc_column_text] Prelucrarea datelor cu caracter personal [\/vc_column_text][\/vc_column][\/vc_row][vc_row][vc_column][vc_column_text]Nota de informare privind protectia datelor cu caracter personal \u00cencep\u00e2nd cu data de 25 mai 2018, Regulamentul 2016\/679\/UE privind protec\u021bia persoanelor fizice \u00een ceea&#8230;<\/p>\n","protected":false},"author":2,"featured_media":0,"parent":0,"menu_order":0,"comment_status":"closed","ping_status":"closed","template":"","meta":{"footnotes":""},"class_list":["post-1786","page","type-page","status-publish","hentry"],"_links":{"self":[{"href":"https:\/\/oprean.ro\/EN\/wp-json\/wp\/v2\/pages\/1786","targetHints":{"allow":["GET"]}}],"collection":[{"href":"https:\/\/oprean.ro\/EN\/wp-json\/wp\/v2\/pages"}],"about":[{"href":"https:\/\/oprean.ro\/EN\/wp-json\/wp\/v2\/types\/page"}],"author":[{"embeddable":true,"href":"https:\/\/oprean.ro\/EN\/wp-json\/wp\/v2\/users\/2"}],"replies":[{"embeddable":true,"href":"https:\/\/oprean.ro\/EN\/wp-json\/wp\/v2\/comments?post=1786"}],"version-history":[{"count":5,"href":"https:\/\/oprean.ro\/EN\/wp-json\/wp\/v2\/pages\/1786\/revisions"}],"predecessor-version":[{"id":1791,"href":"https:\/\/oprean.ro\/EN\/wp-json\/wp\/v2\/pages\/1786\/revisions\/1791"}],"wp:attachment":[{"href":"https:\/\/oprean.ro\/EN\/wp-json\/wp\/v2\/media?parent=1786"}],"curies":[{"name":"wp","href":"https:\/\/api.w.org\/{rel}","templated":true}]}}